{"id":548,"date":"2023-05-08T17:45:06","date_gmt":"2023-05-08T15:45:06","guid":{"rendered":"https:\/\/www.nordestcoast.it\/privacy\/"},"modified":"2024-04-19T17:36:57","modified_gmt":"2024-04-19T15:36:57","slug":"privacy","status":"publish","type":"page","link":"https:\/\/www.nordestcoast.it\/en\/privacy\/","title":{"rendered":"Privacy"},"content":{"rendered":"<style>.elementor-548 .elementor-element.elementor-element-687bd35:not(.elementor-motion-effects-element-type-background), .elementor-548 .elementor-element.elementor-element-687bd35 > .elementor-motion-effects-container > .elementor-motion-effects-layer{background-image:url(\"https:\/\/www.nordestcoast.it\/wp-content\/uploads\/2023\/05\/vacanza-mare-sardegna.jpg\");background-size:cover;}.elementor-548 .elementor-element.elementor-element-687bd35 > .elementor-container{min-height:1040px;}.elementor-548 .elementor-element.elementor-element-687bd35 > .elementor-background-overlay{opacity:0.5;transition:background 0.3s, border-radius 0.3s, opacity 0.3s;}.elementor-548 .elementor-element.elementor-element-687bd35{transition:background 0.3s, border 0.3s, border-radius 0.3s, box-shadow 0.3s;}.elementor-548 .elementor-element.elementor-element-687bd35 > .elementor-shape-bottom .elementor-shape-fill{fill:#8FCABF;}.elementor-548 .elementor-element.elementor-element-687bd35 > .elementor-shape-bottom svg{width:calc(120% + 1.3px);height:312px;}.elementor-548 .elementor-element.elementor-element-34e4bf84 > .elementor-element-populated{margin:80px 0px 0px 0px;--e-column-margin-right:0px;--e-column-margin-left:0px;}.elementor-548 .elementor-element.elementor-element-a6dc489 > .elementor-widget-container{margin:0px 0px 0px 0px;}.elementor-548 .elementor-element.elementor-element-a6dc489{text-align:center;}.elementor-548 .elementor-element.elementor-element-a6dc489 .elementor-heading-title{font-family:var( --e-global-typography-8cd20d3-font-family ), Sans-serif;font-size:var( --e-global-typography-8cd20d3-font-size );font-weight:var( --e-global-typography-8cd20d3-font-weight );text-transform:var( --e-global-typography-8cd20d3-text-transform );line-height:var( --e-global-typography-8cd20d3-line-height );letter-spacing:var( --e-global-typography-8cd20d3-letter-spacing );word-spacing:var( --e-global-typography-8cd20d3-word-spacing );color:#8FCABF;}.elementor-548 .elementor-element.elementor-element-1f3d3b93:not(.elementor-motion-effects-element-type-background), .elementor-548 .elementor-element.elementor-element-1f3d3b93 > .elementor-motion-effects-container > .elementor-motion-effects-layer{background-color:#8FCABF;}.elementor-548 .elementor-element.elementor-element-1f3d3b93 > .elementor-container{max-width:1400px;}.elementor-548 .elementor-element.elementor-element-1f3d3b93{transition:background 0.3s, border 0.3s, border-radius 0.3s, box-shadow 0.3s;margin-top:-100px;margin-bottom:0px;padding:0px 0px 180px 0px;}.elementor-548 .elementor-element.elementor-element-1f3d3b93 > .elementor-background-overlay{transition:background 0.3s, border-radius 0.3s, opacity 0.3s;}.elementor-548 .elementor-element.elementor-element-d1f88e5 .elementor-heading-title{font-size:32px;text-transform:uppercase;}@media(max-width:1024px){.elementor-548 .elementor-element.elementor-element-687bd35:not(.elementor-motion-effects-element-type-background), .elementor-548 .elementor-element.elementor-element-687bd35 > .elementor-motion-effects-container > .elementor-motion-effects-layer{background-position:center center;}.elementor-548 .elementor-element.elementor-element-687bd35 > .elementor-shape-bottom svg{height:257px;}.elementor-548 .elementor-element.elementor-element-a6dc489 .elementor-heading-title{font-size:var( --e-global-typography-8cd20d3-font-size );line-height:var( --e-global-typography-8cd20d3-line-height );letter-spacing:var( --e-global-typography-8cd20d3-letter-spacing );word-spacing:var( --e-global-typography-8cd20d3-word-spacing );}.elementor-548 .elementor-element.elementor-element-1f3d3b93{padding:0px 0px 120px 0px;}.elementor-548 .elementor-element.elementor-element-d1f88e5 .elementor-heading-title{font-size:26px;}}@media(max-width:767px){.elementor-548 .elementor-element.elementor-element-687bd35 > .elementor-shape-bottom svg{width:calc(177% + 1.3px);}.elementor-548 .elementor-element.elementor-element-34e4bf84 > .elementor-element-populated{margin:0px 0px 0px 0px;--e-column-margin-right:0px;--e-column-margin-left:0px;}.elementor-548 .elementor-element.elementor-element-a6dc489 > .elementor-widget-container{margin:0px 0px 0px -20px;}.elementor-548 .elementor-element.elementor-element-a6dc489 .elementor-heading-title{font-size:var( --e-global-typography-8cd20d3-font-size );line-height:var( --e-global-typography-8cd20d3-line-height );letter-spacing:var( --e-global-typography-8cd20d3-letter-spacing );word-spacing:var( --e-global-typography-8cd20d3-word-spacing );}.elementor-548 .elementor-element.elementor-element-1f3d3b93{padding:0px 0px 0px 0px;}.elementor-548 .elementor-element.elementor-element-3897db24 > .elementor-element-populated{margin:-210px 0px 0px 0px;--e-column-margin-right:0px;--e-column-margin-left:0px;}.elementor-548 .elementor-element.elementor-element-ca99689{margin-top:90px;margin-bottom:0px;}.elementor-548 .elementor-element.elementor-element-d1f88e5 .elementor-heading-title{font-size:24px;}}<\/style>\t\t<div data-elementor-type=\"wp-page\" data-elementor-id=\"548\" class=\"elementor elementor-548 elementor-545\" data-elementor-post-type=\"page\">\n\t\t\t\t\t\t<section class=\"elementor-section elementor-top-section elementor-element elementor-element-687bd35 elementor-section-height-min-height elementor-section-boxed elementor-section-height-default elementor-section-items-middle\" data-id=\"687bd35\" data-element_type=\"section\" data-settings=\"{&quot;background_background&quot;:&quot;classic&quot;,&quot;shape_divider_bottom&quot;:&quot;curve&quot;}\">\n\t\t\t\t\t\t\t<div class=\"elementor-background-overlay\"><\/div>\n\t\t\t\t\t\t<div class=\"elementor-shape elementor-shape-bottom\" aria-hidden=\"true\" data-negative=\"false\">\n\t\t\t<svg xmlns=\"http:\/\/www.w3.org\/2000\/svg\" viewBox=\"0 0 1000 100\" preserveAspectRatio=\"none\">\n    <path class=\"elementor-shape-fill\" d=\"M1000,4.3V0H0v4.3C0.9,23.1,126.7,99.2,500,100S1000,22.7,1000,4.3z\"\/>\n<\/svg>\t\t<\/div>\n\t\t\t\t\t<div class=\"elementor-container elementor-column-gap-default\">\n\t\t\t\t\t<div class=\"elementor-column elementor-col-100 elementor-top-column elementor-element elementor-element-34e4bf84\" data-id=\"34e4bf84\" data-element_type=\"column\">\n\t\t\t<div class=\"elementor-widget-wrap elementor-element-populated\">\n\t\t\t\t\t\t<div class=\"elementor-element elementor-element-a6dc489 animated-slow elementor-invisible elementor-widget elementor-widget-theme-post-title elementor-page-title elementor-widget-heading\" data-id=\"a6dc489\" data-element_type=\"widget\" data-settings=\"{&quot;_animation&quot;:&quot;pulse&quot;,&quot;_animation_delay&quot;:60}\" data-widget_type=\"theme-post-title.default\">\n\t\t\t\t<div class=\"elementor-widget-container\">\n\t\t\t\t\t<h1 class=\"elementor-heading-title elementor-size-default\">Privacy<\/h1>\t\t\t\t<\/div>\n\t\t\t\t<\/div>\n\t\t\t\t\t<\/div>\n\t\t<\/div>\n\t\t\t\t\t<\/div>\n\t\t<\/section>\n\t\t\t\t<section class=\"elementor-section elementor-top-section elementor-element elementor-element-1f3d3b93 elementor-section-boxed elementor-section-height-default elementor-section-height-default\" data-id=\"1f3d3b93\" data-element_type=\"section\" data-settings=\"{&quot;background_background&quot;:&quot;classic&quot;}\">\n\t\t\t\t\t\t<div class=\"elementor-container elementor-column-gap-default\">\n\t\t\t\t\t<div class=\"elementor-column elementor-col-100 elementor-top-column elementor-element elementor-element-3897db24\" data-id=\"3897db24\" data-element_type=\"column\">\n\t\t\t<div class=\"elementor-widget-wrap elementor-element-populated\">\n\t\t\t\t\t\t<section class=\"elementor-section elementor-inner-section elementor-element elementor-element-ca99689 elementor-section-full_width elementor-section-height-default elementor-section-height-default\" data-id=\"ca99689\" data-element_type=\"section\">\n\t\t\t\t\t\t<div class=\"elementor-container elementor-column-gap-default\">\n\t\t\t\t\t<div class=\"elementor-column elementor-col-100 elementor-inner-column elementor-element elementor-element-884dbfb\" data-id=\"884dbfb\" data-element_type=\"column\">\n\t\t\t<div class=\"elementor-widget-wrap elementor-element-populated\">\n\t\t\t\t\t\t<div class=\"elementor-element elementor-element-d1f88e5 elementor-widget elementor-widget-heading\" data-id=\"d1f88e5\" data-element_type=\"widget\" data-widget_type=\"heading.default\">\n\t\t\t\t<div class=\"elementor-widget-container\">\n\t\t\t\t\t<h2 class=\"elementor-heading-title elementor-size-default\">INFORMATIVA SUL TRATTAMENTO DEI DATI PERSONALI AI SENSI DELL\u2019ART. 13 DEL REGOLAMENTO (UE)  679\/2016<\/h2>\t\t\t\t<\/div>\n\t\t\t\t<\/div>\n\t\t\t\t<div class=\"elementor-element elementor-element-e09f1bb elementor-widget elementor-widget-text-editor\" data-id=\"e09f1bb\" data-element_type=\"widget\" data-widget_type=\"text-editor.default\">\n\t\t\t\t<div class=\"elementor-widget-container\">\n\t\t\t\t\t\t\t\t\t<p>La societ\u00e0 Nord Est Coast srl, in qualit\u00e0 di Titolare del trattamento (d\u2019ora in avanti: \u201cTitolare\u201d o \u201cAzienda\u201d), ai sensi del Regolamento UE 679\/2016 (d\u2019ora in avanti: \u201cRegolamento\u201d) \u2013 considera la privacy e la tutela dei dati personali impegno fondamentale nei confronti dei clienti, fornitori, collaboratori, dipendenti e di chiunque a vario titolo fornisca i propri dati.<br \/>\nLa invitiamo dunque a leggere con attenzione la presente Privacy Policy perch\u00e9 contiene informazioni importanti sulla tutela dei Suoi dati personali.<br \/>\nLa presente Privacy Policy \u00e8 resa, ai sensi dell\u2019art.13 del Regolamento, a tutti coloro che interagiscono con la nostra Azienda e costituisce parte integrante delle attivit\u00e0 che offriamo.<br \/>\nQuesto documento \u00e8 stato redatto ai sensi dell\u2019art. 13 del Regolamento UE 2016\/679 (al fine di permettere di conoscere la nostra politica sulla privacy, per capire come le sue informazioni personali vengono gestite e, se del caso, di prestare un consenso al trattamento dei dati personali espresso e consapevole. Le informazioni ed i dati da lei forniti o altrimenti acquisiti nell\u2019ambito delle attivit\u00e0 della nostra Azienda saranno oggetto di trattamento nel rispetto delle disposizioni del Regolamento e degli obblighi di riservatezza che ispirano da sempre l\u2019attivit\u00e0 della societ\u00e0 Nord Est Coast srl.<br \/>\nSecondo le norme del Regolamento, i trattamenti effettuati saranno improntati ai principi di liceit\u00e0, correttezza, trasparenza, limitazione delle finalit\u00e0 e della conservazione, minimizzazione dei dati, esattezza, integrit\u00e0 e riservatezza.<br \/>\nINDICE<br \/>\n1. Titolare del trattamento<br \/>\n2. I dati personali oggetto di trattamento<br \/>\n3. Finalit\u00e0 del trattamento<br \/>\n4. Base legale e natura obbligatoria o facoltativa del trattamento<br \/>\n5. Destinatari dei dati personali<br \/>\n6. Conservazione dei dati personali<br \/>\n7. Diritti dell\u2019interessato<br \/>\n8. Modifiche<br \/>\n&#8212;&#8212;&#8212;&#8212;&#8212;&#8212;&#8212;&#8212;<\/p>\n<p><strong>1. Titolare del trattamento<\/strong><br \/>\nIl Titolare dei trattamenti \u00e8 la societ\u00e0 Nord Est Coast srl con sede legale ed operativa in via Amendola, 9 Budoni raggiungibile all\u2019indirizzo di posta elettronica pasquale@nordestcoast.it<\/p>\n<p><strong>2. I dati personali oggetto del trattamento<\/strong><br \/>\nI suoi dati personali potranno essere costituiti da un identificativo come il nome, il numero di telefono, l\u2019indirizzo mail o altri elementi caratteristici della Sua identit\u00e0 idonei a rendere il soggetto interessato identificato o identificabile oltre al numero di targa e ai dati presenti nei documenti di identit\u00e0 qualora sia nostro ospite.<br \/>\nQualora l\u2019Azienda venga contattata attraverso l\u2019indirizzo mail aziendale potrebbe verificarsi un conferimento di suoi Dati Personali rientranti nel novero delle speciali categorie di Dati Personali di cui all\u2019art. 9 del Regolamento (dati particolari, sensibili) e cio\u00e8 i dati idonei a rivelare ad esempio il suo stato di salute. La invitiamo a non comunicare tali dati se non strettamente necessario e Nord Est Coast srl non potr\u00e0 essere ritenuta responsabile a nessun titolo, n\u00e9 potr\u00e0 ricevere contestazioni di sorta, poich\u00e9 in tal caso il trattamento sar\u00e0 consentito in quanto avente ad oggetto dati resi manifestamente pubblici dall\u2019interessato.<br \/>\nNell\u2019utilizzo dell\u2019indirizzo mail potrebbe verificarsi un trattamento di Dati Personali di terzi soggetti da Lei inviati. Rispetto a tali ipotesi, Lei si pone come autonomo titolare del trattamento, assumendosi tutti gli obblighi e le responsabilit\u00e0 di legge.<\/p>\n<p><strong>3. Finalit\u00e0 del trattamento<\/strong><br \/>\nIl trattamento che intendiamo effettuare dietro Suo specifico consenso, ove necessario, ha le seguenti finalit\u00e0:<br \/>\na. gestire le attivit\u00e0 commissionate o di interesse;<br \/>\nb. rispondere a richieste di informazioni;<br \/>\nc. assolvere ad obblighi di legge quali ad esempio la comunicazione alla Questura delle generalit\u00e0 dei clienti alloggiati oltre che per adempiere ai vigenti obblighi amministrativi, contabili e fiscali.<br \/>\nI dati potranno essere trattati sia su supporto cartaceo che elettronico utilizzando misure idonee per la sicurezza e la riservatezza dei dati forniti.<\/p>\n<p><strong>4. Base legale e natura obbligatoria o facoltativa del trattamento<\/strong><br \/>\nLa base legale del trattamento di Dati Personali \u00e8 data da:<\/p>\n<ul>\n<li>norme specifiche in ottemperanza all\u2019assolvimento di obblighi di legge (es. Fatturazione)<\/li>\n<li>il Regolamento Europeo<br \/>\nIn ogni caso Lei ha la possibilit\u00e0 di opporsi a tale trattamento in ogni momento, inizialmente o in occasione di successive comunicazioni, in maniera agevole e gratuitamente anche scrivendo ai recapiti sopra indicati.<br \/>\n5. Destinatari dei dati personali<br \/>\nI Suoi Dati Personali non saranno diffusi in paesi terzi e potranno essere condivisi, per le finalit\u00e0 di cui alla sezione 3 con:<\/li>\n<li>persone, societ\u00e0 o studi professionali che prestano attivit\u00e0 di assistenza e consulenza in materia contabile, amministrativa, legale, tributaria, finanziaria e di recupero crediti relativamente alla erogazione dei Servizi;<\/li>\n<li>soggetti con i quali sia necessario interagire per l\u2019erogazione dei Servizi<\/li>\n<li>soggetti delegati a svolgere attivit\u00e0 di manutenzione tecnica (inclusa la manutenzione degli apparati di rete e delle reti di comunicazione elettronica);<\/li>\n<li>soggetti, enti od autorit\u00e0, a cui sia obbligatorio comunicare i Suoi Dati Personali in forza di disposizioni di legge o di ordini delle autorit\u00e0;<\/li>\n<li>persone autorizzate da Nord Est Coast srl al trattamento di Dati Personali necessario a svolgere attivit\u00e0 strettamente correlate all\u2019erogazione delle nostre attivit\u00e0, che si siano impegnate alla riservatezza o abbiano un adeguato obbligo legale di riservatezza<\/li>\n<\/ul>\n<p><strong>6. Conservazione dei dati<\/strong><br \/>\nI Dati Personali trattati per le finalit\u00e0 di cui alla sezione 3 saranno conservati per tutta la durata dei rapporti in essere quindi per il tempo strettamente necessario a raggiungere le finalit\u00e0 nel rispetto dei principi di minimizzazione e limitazione della conservazione del Regolamento. In ogni caso, il Titolare tratter\u00e0 i Dati Personali per il tempo necessario ad adempimenti contrattuali e di legge stabilito in 10 anni.<br \/>\nMaggiori informazioni in merito al periodo di conservazione dei dati e ai criteri utilizzati per determinare tale periodo possono essere richieste scrivendo al Titolare.<\/p>\n<p><strong>7. Diritti degli interessati<\/strong><br \/>\nAi sensi degli articoli 15 e seguenti del Regolamento, Lei ha il diritto di chiedere in qualunque momento, l\u2019accesso ai tuoi Dati Personali, la rettifica o la cancellazione degli stessi, la limitazione del trattamento nei casi previsti dall\u2019art. 18 del Regolamento, ottenere in un formato strutturato, di uso comune e leggibile da dispositivo automatico i dati che la riguardano. In ogni momento, Lei pu\u00f2 revocare ex art. 7 del Regolamento il consenso prestato; proporre reclamo all\u2019autorit\u00e0 di controllo competente ex articolo 77 del GDPR (Garante per la Protezione dei Dati Personali) qualora ritenga che il trattamento dei suoi dati sia contrario alla normativa in vigore.<br \/>\nPu\u00f2 formulare una richiesta di opposizione al trattamento dei Suoi dati nella quale dare evidenza delle ragioni che giustifichino l\u2019opposizione.<br \/>\nLe richieste vanno rivolte per iscritto al Titolare.<\/p>\n<p><strong>8. Modifiche<\/strong><br \/>\nLa presente privacy policy \u00e8 stata aggiornata il 1\u00b0 luglio 2023.<br \/>\nNord Est Coast srl si riserva di modificarne o semplicemente aggiornarne il contenuto, in parte o completamente.<br \/>\nNord Est Coast srl la invita quindi a visitare con regolarit\u00e0 questa sezione per prendere cognizione della pi\u00f9 recente ed aggiornata versione della privacy policy in modo da essere sempre aggiornato sui dati raccolti e sull\u2019uso che ne viene fatto dall\u2019Azienda.<\/p>\n\t\t\t\t\t\t\t\t<\/div>\n\t\t\t\t<\/div>\n\t\t\t\t\t<\/div>\n\t\t<\/div>\n\t\t\t\t\t<\/div>\n\t\t<\/section>\n\t\t\t\t\t<\/div>\n\t\t<\/div>\n\t\t\t\t\t<\/div>\n\t\t<\/section>\n\t\t\t\t<\/div>\n\t\t","protected":false},"excerpt":{"rendered":"<p>INFORMATIVA SUL TRATTAMENTO DEI DATI PERSONALI AI SENSI DELL\u2019ART. 13 DEL REGOLAMENTO (UE) 679\/2016 La societ\u00e0 Nord Est Coast srl, in qualit\u00e0 di Titolare del trattamento (d\u2019ora in avanti: \u201cTitolare\u201d o \u201cAzienda\u201d), ai sensi del Regolamento UE 679\/2016 (d\u2019ora in avanti: \u201cRegolamento\u201d) \u2013 considera la privacy e la tutela dei dati personali impegno fondamentale nei [&hellip;]<\/p>\n","protected":false},"author":2,"featured_media":0,"parent":0,"menu_order":0,"comment_status":"closed","ping_status":"closed","template":"elementor_header_footer","meta":{"_seopress_robots_primary_cat":"","_seopress_titles_title":"","_seopress_titles_desc":"","_seopress_robots_index":"","footnotes":""},"class_list":["post-548","page","type-page","status-publish","hentry"],"_links":{"self":[{"href":"https:\/\/www.nordestcoast.it\/en\/wp-json\/wp\/v2\/pages\/548","targetHints":{"allow":["GET"]}}],"collection":[{"href":"https:\/\/www.nordestcoast.it\/en\/wp-json\/wp\/v2\/pages"}],"about":[{"href":"https:\/\/www.nordestcoast.it\/en\/wp-json\/wp\/v2\/types\/page"}],"author":[{"embeddable":true,"href":"https:\/\/www.nordestcoast.it\/en\/wp-json\/wp\/v2\/users\/2"}],"replies":[{"embeddable":true,"href":"https:\/\/www.nordestcoast.it\/en\/wp-json\/wp\/v2\/comments?post=548"}],"version-history":[{"count":0,"href":"https:\/\/www.nordestcoast.it\/en\/wp-json\/wp\/v2\/pages\/548\/revisions"}],"wp:attachment":[{"href":"https:\/\/www.nordestcoast.it\/en\/wp-json\/wp\/v2\/media?parent=548"}],"curies":[{"name":"wp","href":"https:\/\/api.w.org\/{rel}","templated":true}]}}